{"id":645,"date":"2019-02-11T15:11:13","date_gmt":"2019-02-11T15:11:13","guid":{"rendered":"https:\/\/demosites.io\/onboarding-gutenberg\/?page_id=645"},"modified":"2026-02-06T09:37:02","modified_gmt":"2026-02-06T17:37:02","slug":"home","status":"publish","type":"page","link":"https:\/\/mx.fruininc.com\/en\/","title":{"rendered":"Home Page English"},"content":{"rendered":"<div class=\"wp-block-columns is-layout-flex wp-container-core-columns-is-layout-188233a6 wp-block-columns-is-layout-flex\" style=\"margin-top:0;margin-bottom:0;padding-top:0;padding-bottom:0\">\n<div class=\"wp-block-column is-layout-flow wp-container-core-column-is-layout-ba6f69a4 wp-block-column-is-layout-flow\" style=\"padding-top:0;padding-right:0;padding-bottom:0;padding-left:0;flex-basis:50%\">\n<div class=\"wp-block-cover is-light\" style=\"margin-top:0;margin-bottom:0;padding-top:0;padding-right:0;padding-bottom:0;padding-left:0;min-height:704px;aspect-ratio:unset;\"><img loading=\"lazy\" decoding=\"async\" width=\"525\" height=\"979\" class=\"wp-block-cover__image-background wp-image-7966 size-full\" alt=\"\" src=\"https:\/\/mx.fruininc.com\/wp-content\/uploads\/2025\/01\/JellyFishRight-1.png\" data-object-fit=\"cover\" srcset=\"https:\/\/mx.fruininc.com\/wp-content\/uploads\/2025\/01\/JellyFishRight-1.png 525w, https:\/\/mx.fruininc.com\/wp-content\/uploads\/2025\/01\/JellyFishRight-1-161x300.png 161w\" sizes=\"auto, (max-width: 525px) 100vw, 525px\" \/><span aria-hidden=\"true\" class=\"wp-block-cover__background has-background-dim\" style=\"background-color:#f99c65\"><\/span><div class=\"wp-block-cover__inner-container has-global-padding is-layout-constrained wp-container-core-cover-is-layout-b78925bd wp-block-cover-is-layout-constrained\">\n<div class=\"wp-block-columns is-layout-flex wp-container-core-columns-is-layout-28f84493 wp-block-columns-is-layout-flex\">\n<div class=\"wp-block-column is-layout-flow wp-container-core-column-is-layout-759c07a8 wp-block-column-is-layout-flow\" style=\"border-left-color:var(--wp--preset--color--base);border-left-width:3px;padding-top:var(--wp--preset--spacing--40);padding-right:0;padding-bottom:var(--wp--preset--spacing--40);padding-left:0\">\n<figure class=\"wp-block-image aligncenter size-full is-resized has-custom-border wp-duotone-111111-rgb235235235-1\" style=\"margin-right:0;margin-left:0\"><img loading=\"lazy\" decoding=\"async\" width=\"300\" height=\"388\" src=\"https:\/\/mx.fruininc.com\/wp-content\/uploads\/2025\/01\/Bundle1.png\" alt=\"\" class=\"wp-image-7947\" style=\"border-left-style:none;border-left-width:0px;width:202px;height:auto\" srcset=\"https:\/\/mx.fruininc.com\/wp-content\/uploads\/2025\/01\/Bundle1.png 300w, https:\/\/mx.fruininc.com\/wp-content\/uploads\/2025\/01\/Bundle1-232x300.png 232w\" sizes=\"auto, (max-width: 300px) 100vw, 300px\" \/><\/figure>\n<\/div>\n<\/div>\n<\/div><\/div>\n<\/div>\n\n\n\n<div class=\"wp-block-column has-contrast-3-background-color has-background is-layout-flow wp-container-core-column-is-layout-aaba711d wp-block-column-is-layout-flow\" style=\"padding-top:var(--wp--preset--spacing--20);padding-right:var(--wp--preset--spacing--30);padding-bottom:var(--wp--preset--spacing--20);padding-left:var(--wp--preset--spacing--30)\">\n<h2 class=\"wp-block-heading has-base-color has-text-color has-link-color has-system-serif-font-family wp-elements-d0c954d3f6bb45cc83db75b6fb332a9a\" style=\"margin-top:0;margin-right:0;margin-bottom:0;margin-left:0;padding-right:0;padding-left:0;font-size:clamp(2.835rem, 2.835rem + ((1vw - 0.2rem) * 4.442), 5.5rem);\">Nuevos Paquetes Web<\/h2>\n\n\n\n<p class=\"has-base-color has-text-color has-link-color has-body-font-family wp-elements-01dd36ad75bb7417d6bb075bf95417cd\" style=\"text-transform:uppercase\">es El paquete completo<\/p>\n\n\n\n<p class=\"has-base-color has-text-color has-link-color has-large-font-size wp-elements-36f30bbc8df959118b476c6f01701444\">\u00a1Un \u00fanico lugar para todas tus necesidades web! \u00a1Crear tu presencia online es f\u00e1cil y econ\u00f3mico! \u00a1Ideal para tiendas online y restaurantes! \u00a1No te lo pierdas!<\/p>\n\n\n\n<div class=\"wp-block-buttons is-layout-flex wp-block-buttons-is-layout-flex\">\n<div class=\"wp-block-button\"><a class=\"wp-block-button__link has-background wp-element-button\" href=\"https:\/\/mx.fruininc.com\/en\/website-packages\/\" style=\"background-color:#f4694d\">\u00a1Ver m\u00e1s!<\/a><\/div>\n<\/div>\n<\/div>\n<\/div>\n\n\n\n<div class=\"wp-block-group is-layout-flow wp-block-group-is-layout-flow\">\n<div class=\"wp-block-columns alignwide are-vertically-aligned-center is-layout-flex wp-container-core-columns-is-layout-e3ae89cb wp-block-columns-is-layout-flex\" style=\"border-bottom-color:#f4794d;border-bottom-width:5px;margin-top:var(--wp--preset--spacing--40);margin-bottom:var(--wp--preset--spacing--40);padding-top:0;padding-right:0;padding-bottom:0;padding-left:0\">\n<div class=\"wp-block-column is-vertically-aligned-center fruincom-column has-global-padding is-layout-constrained wp-container-core-column-is-layout-89ea7576 wp-block-column-is-layout-constrained\" style=\"border-bottom-style:none;border-bottom-width:0px;padding-top:var(--wp--preset--spacing--40);padding-right:var(--wp--preset--spacing--10);padding-bottom:var(--wp--preset--spacing--40);padding-left:var(--wp--preset--spacing--10)\">\n<figure class=\"wp-block-image aligncenter size-full is-resized\"><img loading=\"lazy\" decoding=\"async\" width=\"400\" height=\"300\" src=\"https:\/\/mx.fruininc.com\/wp-content\/uploads\/2025\/01\/domain.png\" alt=\"\" class=\"wp-image-7945\" style=\"width:150px\" srcset=\"https:\/\/mx.fruininc.com\/wp-content\/uploads\/2025\/01\/domain.png 400w, https:\/\/mx.fruininc.com\/wp-content\/uploads\/2025\/01\/domain-300x225.png 300w\" sizes=\"auto, (max-width: 400px) 100vw, 400px\" \/><\/figure>\n\n\n\n<p class=\"has-text-align-center has-large-font-size\">Dominios<\/p>\n\n\n\n<p class=\"has-text-align-center\">Cada sitio web necesita un nombre!<\/p>\n\n\n\n<div class=\"wp-block-buttons is-content-justification-center is-layout-flex wp-container-core-buttons-is-layout-a89b3969 wp-block-buttons-is-layout-flex\">\n<div class=\"wp-block-button\"><a class=\"wp-block-button__link wp-element-button\" href=\"https:\/\/mx.fruininc.com\/en\/website-packages-2\/\" style=\"text-transform:uppercase\">Aprender m\u00e1s<\/a><\/div>\n<\/div>\n<\/div>\n\n\n\n<div class=\"wp-block-column is-vertically-aligned-center fruincom-column has-base-2-background-color has-background has-global-padding is-layout-constrained wp-container-core-column-is-layout-0fdf7943 wp-block-column-is-layout-constrained\" style=\"border-bottom-style:none;border-bottom-width:0px;padding-top:var(--wp--preset--spacing--40);padding-right:var(--wp--preset--spacing--10);padding-bottom:var(--wp--preset--spacing--40);padding-left:var(--wp--preset--spacing--10)\">\n<figure class=\"wp-block-image aligncenter size-large is-resized\"><img loading=\"lazy\" decoding=\"async\" width=\"1024\" height=\"768\" src=\"https:\/\/mx.fruininc.com\/wp-content\/uploads\/2025\/01\/web_hosting-1024x768.png\" alt=\"\" class=\"wp-image-7946\" style=\"width:150px\" srcset=\"https:\/\/mx.fruininc.com\/wp-content\/uploads\/2025\/01\/web_hosting-1024x768.png 1024w, https:\/\/mx.fruininc.com\/wp-content\/uploads\/2025\/01\/web_hosting-300x225.png 300w, https:\/\/mx.fruininc.com\/wp-content\/uploads\/2025\/01\/web_hosting-768x576.png 768w, https:\/\/mx.fruininc.com\/wp-content\/uploads\/2025\/01\/web_hosting-1536x1152.png 1536w, https:\/\/mx.fruininc.com\/wp-content\/uploads\/2025\/01\/web_hosting-2048x1536.png 2048w\" sizes=\"auto, (max-width: 1024px) 100vw, 1024px\" \/><\/figure>\n\n\n\n<p class=\"has-text-align-center has-large-font-size\">Alojamiento Web<\/p>\n\n\n\n<p class=\"has-text-align-center\">Affordable, Cutting Edge, and More Reliable Than Ever<\/p>\n\n\n\n<div class=\"wp-block-group is-vertical is-content-justification-center is-layout-flex wp-container-core-group-is-layout-b6c1f246 wp-block-group-is-layout-flex\" style=\"text-transform:uppercase\">\n<div class=\"wp-block-buttons is-content-justification-center is-layout-flex wp-container-core-buttons-is-layout-a89b3969 wp-block-buttons-is-layout-flex\">\n<div class=\"wp-block-button\"><a class=\"wp-block-button__link wp-element-button\" href=\"https:\/\/mx.fruininc.com\/en\/web-hosting\/?v=f24485ae434a\">Aprender m\u00e1s<\/a><\/div>\n<\/div>\n<\/div>\n<\/div>\n\n\n\n<div class=\"wp-block-column is-vertically-aligned-center fruincom-column has-global-padding is-layout-constrained wp-container-core-column-is-layout-89ea7576 wp-block-column-is-layout-constrained\" style=\"border-bottom-style:none;border-bottom-width:0px;padding-top:var(--wp--preset--spacing--40);padding-right:var(--wp--preset--spacing--10);padding-bottom:var(--wp--preset--spacing--40);padding-left:var(--wp--preset--spacing--10)\">\n<figure class=\"wp-block-image aligncenter size-full is-resized\"><img loading=\"lazy\" decoding=\"async\" width=\"300\" height=\"388\" src=\"https:\/\/mx.fruininc.com\/wp-content\/uploads\/2025\/01\/Bundle1.png\" alt=\"\" class=\"wp-image-7947\" style=\"width:98px;height:auto\" srcset=\"https:\/\/mx.fruininc.com\/wp-content\/uploads\/2025\/01\/Bundle1.png 300w, https:\/\/mx.fruininc.com\/wp-content\/uploads\/2025\/01\/Bundle1-232x300.png 232w\" sizes=\"auto, (max-width: 300px) 100vw, 300px\" \/><\/figure>\n\n\n\n<p class=\"has-text-align-center has-large-font-size\">Paquetes de Sitio Web<\/p>\n\n\n\n<p class=\"has-text-align-center\">\u00a1Un \u00fanico lugar para todas tus necesidades web!<\/p>\n\n\n\n<div class=\"wp-block-buttons is-content-justification-center is-layout-flex wp-container-core-buttons-is-layout-a89b3969 wp-block-buttons-is-layout-flex\">\n<div class=\"wp-block-button\"><a class=\"wp-block-button__link wp-element-button\" href=\"https:\/\/mx.fruininc.com\/en\/website-packages\/\" style=\"text-transform:uppercase\">Aprender m\u00e1s<\/a><\/div>\n<\/div>\n<\/div>\n<\/div>\n<\/div>\n\n\n\n<div class=\"wp-block-columns are-vertically-aligned-center is-layout-flex wp-container-core-columns-is-layout-659a4d99 wp-block-columns-is-layout-flex\" style=\"padding-top:0;padding-right:0;padding-bottom:0;padding-left:0\">\n<div class=\"wp-block-column is-vertically-aligned-center is-layout-flow wp-container-core-column-is-layout-ba6f69a4 wp-block-column-is-layout-flow\" style=\"padding-top:0;padding-right:0;padding-bottom:0;padding-left:0\">\n<h2 class=\"wp-block-heading is-style-default\" style=\"padding-top:var(--wp--preset--spacing--10);padding-bottom:var(--wp--preset--spacing--10);font-size:clamp(2.629rem, 2.629rem + ((1vw - 0.2rem) * 3.952), 5rem);\">\u00bfPor qu\u00e9 elegir FruinInc?<\/h2>\n\n\n\n<p style=\"padding-bottom:var(--wp--preset--spacing--30)\">\u00a1Nos dedicamos a brindar a cada cliente un servicio excelente!<\/p>\n\n\n\n<div class=\"wp-block-columns is-layout-flex wp-container-core-columns-is-layout-28f84493 wp-block-columns-is-layout-flex\">\n<div class=\"wp-block-column is-vertically-aligned-stretch ticss-092dfa0d is-layout-flow wp-block-column-is-layout-flow\" style=\"border-right-width:3px\">\n<div class=\"wp-block-group is-vertical is-nowrap is-layout-flex wp-container-core-group-is-layout-3aa504c0 wp-block-group-is-layout-flex\">\n<figure class=\"wp-block-image size-large is-resized\"><img loading=\"lazy\" decoding=\"async\" width=\"1024\" height=\"1024\" src=\"https:\/\/mx.fruininc.com\/wp-content\/uploads\/2025\/01\/reliability-2-1024x1024.png\" alt=\"\" class=\"wp-image-7959\" style=\"width:80px;height:auto\" srcset=\"https:\/\/mx.fruininc.com\/wp-content\/uploads\/2025\/01\/reliability-2-1024x1024.png 1024w, https:\/\/mx.fruininc.com\/wp-content\/uploads\/2025\/01\/reliability-2-300x300.png 300w, https:\/\/mx.fruininc.com\/wp-content\/uploads\/2025\/01\/reliability-2-150x150.png 150w, https:\/\/mx.fruininc.com\/wp-content\/uploads\/2025\/01\/reliability-2-768x768.png 768w, https:\/\/mx.fruininc.com\/wp-content\/uploads\/2025\/01\/reliability-2-1536x1536.png 1536w, https:\/\/mx.fruininc.com\/wp-content\/uploads\/2025\/01\/reliability-2-2048x2048.png 2048w\" sizes=\"auto, (max-width: 1024px) 100vw, 1024px\" \/><\/figure>\n<\/div>\n\n\n\n<p class=\"has-contrast-2-color has-text-color has-link-color wp-elements-644ebb43703ed34cd7a39b063d23aa8b\" style=\"padding-right:var(--wp--preset--spacing--10);padding-left:var(--wp--preset--spacing--10)\">01<\/p>\n\n\n\n<p class=\"has-contrast-color has-text-color has-link-color has-large-font-size wp-elements-378084543f8fd5e9f3c7b112cfc83c36\" style=\"padding-right:var(--wp--preset--spacing--10);padding-left:var(--wp--preset--spacing--10)\">Confiabilidad<\/p>\n\n\n\n<h1 class=\"wp-block-heading has-text-align-left has-system-sans-serif-font-family has-medium-font-size\" id=\"wp-block-themeisle-blocks-advanced-heading-956b6e65\" style=\"padding-right:var(--wp--preset--spacing--10);padding-left:var(--wp--preset--spacing--10)\">En el negocio desde 1996<br>Calificaci\u00f3n de clientes de 5 estrellas<\/h1>\n<\/div>\n\n\n\n<div class=\"wp-block-column is-vertically-aligned-stretch ticss-a9f72ce5 is-layout-flow wp-block-column-is-layout-flow\" style=\"border-top-style:none;border-top-width:0px;border-right-width:3px;border-bottom-style:none;border-bottom-width:0px;border-left-style:none;border-left-width:0px\">\n<div class=\"wp-block-group is-vertical is-nowrap is-layout-flex wp-container-core-group-is-layout-3aa504c0 wp-block-group-is-layout-flex\">\n<figure class=\"wp-block-image size-full is-resized\"><img loading=\"lazy\" decoding=\"async\" width=\"728\" height=\"728\" src=\"https:\/\/mx.fruininc.com\/wp-content\/uploads\/2025\/01\/availability-4.png\" alt=\"\" class=\"wp-image-7960\" style=\"width:101px;height:auto\" srcset=\"https:\/\/mx.fruininc.com\/wp-content\/uploads\/2025\/01\/availability-4.png 728w, https:\/\/mx.fruininc.com\/wp-content\/uploads\/2025\/01\/availability-4-300x300.png 300w, https:\/\/mx.fruininc.com\/wp-content\/uploads\/2025\/01\/availability-4-150x150.png 150w\" sizes=\"auto, (max-width: 728px) 100vw, 728px\" \/><\/figure>\n<\/div>\n\n\n\n<p class=\"has-contrast-2-color has-text-color has-link-color wp-elements-ee8b606e7eb65a7c3f26aa92be3000fd\" style=\"padding-right:var(--wp--preset--spacing--10);padding-left:var(--wp--preset--spacing--10)\">02<\/p>\n\n\n\n<p class=\"has-contrast-color has-text-color has-link-color has-large-font-size wp-elements-934f090eccec3d264101cc1e6c90dbfb\" style=\"padding-right:var(--wp--preset--spacing--10);padding-left:var(--wp--preset--spacing--10)\">Disponibilidad<\/p>\n\n\n\n<h1 class=\"wp-block-heading has-text-align-left has-system-sans-serif-font-family has-medium-font-size\" id=\"wp-block-themeisle-blocks-advanced-heading-956b6e65\" style=\"padding-right:var(--wp--preset--spacing--10);padding-left:var(--wp--preset--spacing--10)\">Soporte de alta disponibilidad<br>Su propio representante y t\u00e9cnico dedicado<br><\/h1>\n<\/div>\n\n\n\n<div class=\"wp-block-column is-vertically-aligned-stretch is-layout-flow wp-block-column-is-layout-flow\">\n<div class=\"wp-block-group is-vertical is-nowrap is-layout-flex wp-container-core-group-is-layout-3aa504c0 wp-block-group-is-layout-flex\">\n<figure class=\"wp-block-image size-large is-resized\"><img loading=\"lazy\" decoding=\"async\" width=\"1024\" height=\"768\" src=\"https:\/\/mx.fruininc.com\/wp-content\/uploads\/2025\/01\/servers2-1024x768.png\" alt=\"\" class=\"wp-image-7961\" style=\"width:98px;height:auto\" srcset=\"https:\/\/mx.fruininc.com\/wp-content\/uploads\/2025\/01\/servers2-1024x768.png 1024w, https:\/\/mx.fruininc.com\/wp-content\/uploads\/2025\/01\/servers2-300x225.png 300w, https:\/\/mx.fruininc.com\/wp-content\/uploads\/2025\/01\/servers2-768x576.png 768w, https:\/\/mx.fruininc.com\/wp-content\/uploads\/2025\/01\/servers2-1536x1152.png 1536w, https:\/\/mx.fruininc.com\/wp-content\/uploads\/2025\/01\/servers2-2048x1536.png 2048w\" sizes=\"auto, (max-width: 1024px) 100vw, 1024px\" \/><\/figure>\n<\/div>\n\n\n\n<p class=\"has-contrast-2-color has-text-color has-link-color wp-elements-e2ab9ecb82aaa39b84b408da47ab7bc7\" style=\"padding-right:var(--wp--preset--spacing--10);padding-left:var(--wp--preset--spacing--10)\">03<\/p>\n\n\n\n<p class=\"has-contrast-color has-text-color has-link-color has-large-font-size wp-elements-57afa36c3dede021abd4b17ba50d7943\" style=\"padding-right:var(--wp--preset--spacing--10);padding-left:var(--wp--preset--spacing--10)\">Servidores<\/p>\n\n\n\n<h1 class=\"wp-block-heading has-text-align-left has-system-sans-serif-font-family has-medium-font-size\" id=\"wp-block-themeisle-blocks-advanced-heading-956b6e65\" style=\"padding-right:var(--wp--preset--spacing--10);padding-left:var(--wp--preset--spacing--10)\">Instalaciones de primera clase<br>Seguridad de primera clase<br>Copias de seguridad gratuitas<br><\/h1>\n<\/div>\n<\/div>\n<\/div>\n<\/div>\n\n\n\n<div class=\"wp-block-media-text is-stacked-on-mobile\" style=\"margin-top:var(--wp--preset--spacing--60);margin-right:0;margin-bottom:var(--wp--preset--spacing--60);margin-left:0;padding-top:0;padding-bottom:0;grid-template-columns:15% auto\"><figure class=\"wp-block-media-text__media\"><img loading=\"lazy\" decoding=\"async\" width=\"319\" height=\"1024\" src=\"https:\/\/mx.fruininc.com\/wp-content\/uploads\/2025\/02\/JellyFishLeft-319x1024.png\" alt=\"\" class=\"wp-image-7972 size-full\" srcset=\"https:\/\/mx.fruininc.com\/wp-content\/uploads\/2025\/02\/JellyFishLeft-319x1024.png 319w, https:\/\/mx.fruininc.com\/wp-content\/uploads\/2025\/02\/JellyFishLeft-93x300.png 93w, https:\/\/mx.fruininc.com\/wp-content\/uploads\/2025\/02\/JellyFishLeft.png 376w\" sizes=\"auto, (max-width: 319px) 100vw, 319px\" \/><\/figure><div class=\"wp-block-media-text__content\">\n<p class=\"has-text-align-right has-text-color has-link-color has-heading-font-family wp-elements-93d769311a05bfb52e3c769805c760af\" style=\"color:#f4694d;margin-top:0;margin-bottom:0;padding-top:var(--wp--preset--spacing--20);padding-right:0;padding-bottom:0;padding-left:0;font-size:clamp(2.503rem, 2.503rem + ((1vw - 0.2rem) * 3.662), 4.7rem);font-style:normal;font-weight:400\">Sobre nosotros<\/p>\n\n\n\n<p class=\"has-text-align-right has-x-large-font-size\" style=\"padding-top:0;padding-right:0;padding-bottom:0;padding-left:0\">En el negocio desde 1996.<\/p>\n\n\n\n<p class=\"has-text-align-right has-large-font-size\" style=\"padding-top:0;padding-bottom:var(--wp--preset--spacing--30)\">\u00a1Una empresa que naci\u00f3 con el deseo de ofrecer seguridad y confiabilidad! Al observar que estas son cada vez menos comunes en l\u00ednea hoy en d\u00eda, Fruin Communications se dedica a brindarlas con los m\u00e1s altos est\u00e1ndares.<\/p>\n\n\n\n<hr class=\"wp-block-separator has-text-color has-alpha-channel-opacity has-background is-style-wide\" style=\"margin-top:0;margin-bottom:0;background-color:#f4694d;color:#f4694d\"\/>\n<\/div><\/div>\n\n\n<p><!-- Google Tag Manager (noscript) --><br \/>\n<noscript><iframe src=\"https:\/\/www.googletagmanager.com\/ns.html?id=GTM-5GC6R836\"\nheight=\"0\" width=\"0\" style=\"display:none;visibility:hidden\"><\/iframe><\/noscript><br \/>\n<!-- End Google Tag Manager (noscript) --><\/p>","protected":false},"excerpt":{"rendered":"<p>Nuevos Paquetes Web es El paquete completo \u00a1Un \u00fanico lugar para todas tus necesidades web! \u00a1Crear tu presencia online es f\u00e1cil y econ\u00f3mico! \u00a1Ideal para tiendas online y restaurantes! \u00a1No te lo pierdas! Dominios Cada sitio web necesita un nombre! Alojamiento Web Affordable, Cutting Edge, and More Reliable Than Ever Paquetes de Sitio Web \u00a1Un [&hellip;]<\/p>\n","protected":false},"author":5,"featured_media":0,"parent":0,"menu_order":0,"comment_status":"closed","ping_status":"closed","template":"","meta":{"footnotes":""},"class_list":["post-645","page","type-page","status-publish","hentry"],"_links":{"self":[{"href":"https:\/\/mx.fruininc.com\/en\/wp-json\/wp\/v2\/pages\/645","targetHints":{"allow":["GET"]}}],"collection":[{"href":"https:\/\/mx.fruininc.com\/en\/wp-json\/wp\/v2\/pages"}],"about":[{"href":"https:\/\/mx.fruininc.com\/en\/wp-json\/wp\/v2\/types\/page"}],"author":[{"embeddable":true,"href":"https:\/\/mx.fruininc.com\/en\/wp-json\/wp\/v2\/users\/5"}],"replies":[{"embeddable":true,"href":"https:\/\/mx.fruininc.com\/en\/wp-json\/wp\/v2\/comments?post=645"}],"version-history":[{"count":21,"href":"https:\/\/mx.fruininc.com\/en\/wp-json\/wp\/v2\/pages\/645\/revisions"}],"predecessor-version":[{"id":8534,"href":"https:\/\/mx.fruininc.com\/en\/wp-json\/wp\/v2\/pages\/645\/revisions\/8534"}],"wp:attachment":[{"href":"https:\/\/mx.fruininc.com\/en\/wp-json\/wp\/v2\/media?parent=645"}],"curies":[{"name":"wp","href":"https:\/\/api.w.org\/{rel}","templated":true}]}}